{"id":9515,"date":"2026-02-10T14:31:50","date_gmt":"2026-02-10T13:31:50","guid":{"rendered":"http:\/\/rzb-wp-test.de\/?page_id=9515"},"modified":"2026-02-10T14:40:14","modified_gmt":"2026-02-10T13:40:14","slug":"datenschutzerklaerung","status":"publish","type":"page","link":"https:\/\/physiovital-landstuhl.de\/en\/about\/datenschutzerklaerung\/","title":{"rendered":"Privacy Policy"},"content":{"rendered":"<div data-elementor-type=\"wp-page\" data-elementor-id=\"9515\" class=\"elementor elementor-9515\" data-elementor-post-type=\"page\">\n\t\t\t\t<div class=\"elementor-element elementor-element-79c1ef3 e-flex e-con-boxed e-con e-parent\" data-id=\"79c1ef3\" data-element_type=\"container\">\n\t\t\t\t\t<div class=\"e-con-inner\">\n\t\t\t\t<div class=\"elementor-element elementor-element-40392d9 elementor-widget elementor-widget-heading\" data-id=\"40392d9\" data-element_type=\"widget\" data-widget_type=\"heading.default\">\n\t\t\t\t<div class=\"elementor-widget-container\">\n\t\t\t\t\t<h1 class=\"elementor-heading-title elementor-size-default\">Privacy Policy<\/h1>\t\t\t\t<\/div>\n\t\t\t\t<\/div>\n\t\t\t\t<div class=\"elementor-element elementor-element-fc679f0 elementor-widget elementor-widget-heading\" data-id=\"fc679f0\" data-element_type=\"widget\" data-widget_type=\"heading.default\">\n\t\t\t\t<div class=\"elementor-widget-container\">\n\t\t\t\t\t<h4 class=\"elementor-heading-title elementor-size-default\">1. Data protection at a glance<\/h4>\t\t\t\t<\/div>\n\t\t\t\t<\/div>\n\t\t\t\t<div class=\"elementor-element elementor-element-ca7cc37 elementor-widget elementor-widget-text-editor\" data-id=\"ca7cc37\" data-element_type=\"widget\" data-widget_type=\"text-editor.default\">\n\t\t\t\t<div class=\"elementor-widget-container\">\n\t\t\t\t\t\t\t\t\t<pre><strong>General information<\/strong><\/pre><p>The following information provides a simple overview of what happens to your personal data when you visit our website. Personal data is any data that can be used to personally identify you. For detailed information on the subject of data protection, please refer to our privacy policy listed below this text.<\/p>\t\t\t\t\t\t\t\t<\/div>\n\t\t\t\t<\/div>\n\t\t\t\t<div class=\"elementor-element elementor-element-85da807 elementor-widget-divider--view-line elementor-widget elementor-widget-divider\" data-id=\"85da807\" data-element_type=\"widget\" data-widget_type=\"divider.default\">\n\t\t\t\t<div class=\"elementor-widget-container\">\n\t\t\t\t\t\t\t<div class=\"elementor-divider\">\n\t\t\t<span class=\"elementor-divider-separator\">\n\t\t\t\t\t\t<\/span>\n\t\t<\/div>\n\t\t\t\t\t\t<\/div>\n\t\t\t\t<\/div>\n\t\t\t\t\t<\/div>\n\t\t\t\t<\/div>\n\t\t<div class=\"elementor-element elementor-element-9a8308c e-flex e-con-boxed e-con e-parent\" data-id=\"9a8308c\" data-element_type=\"container\">\n\t\t\t\t\t<div class=\"e-con-inner\">\n\t\t\t\t<div class=\"elementor-element elementor-element-365603e elementor-widget elementor-widget-heading\" data-id=\"365603e\" data-element_type=\"widget\" data-widget_type=\"heading.default\">\n\t\t\t\t<div class=\"elementor-widget-container\">\n\t\t\t\t\t<h4 class=\"elementor-heading-title elementor-size-default\">2. General information and mandatory disclosures<\/h4>\t\t\t\t<\/div>\n\t\t\t\t<\/div>\n\t\t\t\t<div class=\"elementor-element elementor-element-3dadf89 elementor-widget elementor-widget-text-editor\" data-id=\"3dadf89\" data-element_type=\"widget\" data-widget_type=\"text-editor.default\">\n\t\t\t\t<div class=\"elementor-widget-container\">\n\t\t\t\t\t\t\t\t\t<pre><strong>Data protection<\/strong><\/pre><p>The operators of this website take the protection of your personal data very seriously. We treat your personal data confidentially and in accordance with the statutory data protection regulations and this privacy policy.<\/p><p>When you use this website, various personal data are collected. Personal data are data that can be used to personally identify you. This privacy policy explains which data we collect and how we use it. It also explains how and for what purpose this is done.<\/p><p>We would like to point out that data transmission over the Internet (e.g., when communicating by email) may have security vulnerabilities. Complete protection of data from access by third parties is not possible.<\/p><pre><strong>SSL or TLS Encryption<\/strong><\/pre><p>For security reasons and to protect the transmission of confidential content, such as orders or inquiries that you send to us as the site operator, this site uses SSL or TLS encryption. You can recognize an encrypted connection by the address line of the browser changing from \u201chttp:\/\/\u201d to \u201chttps:\/\/\u201d and by the padlock symbol in your browser\u2019s address bar.<\/p><p>When SSL or TLS encryption is activated, the data you transmit to us cannot be read by third parties.<\/p>\t\t\t\t\t\t\t\t<\/div>\n\t\t\t\t<\/div>\n\t\t\t\t<div class=\"elementor-element elementor-element-c5084ff elementor-widget-divider--view-line elementor-widget elementor-widget-divider\" data-id=\"c5084ff\" data-element_type=\"widget\" data-widget_type=\"divider.default\">\n\t\t\t\t<div class=\"elementor-widget-container\">\n\t\t\t\t\t\t\t<div class=\"elementor-divider\">\n\t\t\t<span class=\"elementor-divider-separator\">\n\t\t\t\t\t\t<\/span>\n\t\t<\/div>\n\t\t\t\t\t\t<\/div>\n\t\t\t\t<\/div>\n\t\t\t\t\t<\/div>\n\t\t\t\t<\/div>\n\t\t<div class=\"elementor-element elementor-element-0376adb e-flex e-con-boxed e-con e-parent\" data-id=\"0376adb\" data-element_type=\"container\">\n\t\t\t\t\t<div class=\"e-con-inner\">\n\t\t\t\t<div class=\"elementor-element elementor-element-6950d8c elementor-widget elementor-widget-heading\" data-id=\"6950d8c\" data-element_type=\"widget\" data-widget_type=\"heading.default\">\n\t\t\t\t<div class=\"elementor-widget-container\">\n\t\t\t\t\t<h4 class=\"elementor-heading-title elementor-size-default\">3. Data Collection on Our Website<\/h4>\t\t\t\t<\/div>\n\t\t\t\t<\/div>\n\t\t\t\t<div class=\"elementor-element elementor-element-aacd15b elementor-widget elementor-widget-text-editor\" data-id=\"aacd15b\" data-element_type=\"widget\" data-widget_type=\"text-editor.default\">\n\t\t\t\t<div class=\"elementor-widget-container\">\n\t\t\t\t\t\t\t\t\t<pre><strong>Contact Form<\/strong><\/pre><p>If you send us inquiries via the contact form, the information you provide in the form, including the contact details you provide, will be stored for the purpose of processing your inquiry and in case of follow-up questions. We do not share this data without your consent.<\/p><p>The processing of the data entered into the contact form is therefore carried out solely on the basis of your consent (Art. 6 Para. 1 lit. a GDPR). You can revoke this consent at any time. A simple notification by email to us is sufficient. The lawfulness of the data processing carried out up to the point of revocation remains unaffected by the revocation.<\/p><p>The data you enter in the contact form will remain with us until you request its deletion, revoke your consent to its storage, or the purpose for storing the data no longer applies (e.g., after your inquiry has been fully processed). Mandatory legal provisions\u2014particularly retention periods\u2014remain unaffected.<\/p>\t\t\t\t\t\t\t\t<\/div>\n\t\t\t\t<\/div>\n\t\t\t\t<div class=\"elementor-element elementor-element-9ce7e2e elementor-widget-divider--view-line elementor-widget elementor-widget-divider\" data-id=\"9ce7e2e\" data-element_type=\"widget\" data-widget_type=\"divider.default\">\n\t\t\t\t<div class=\"elementor-widget-container\">\n\t\t\t\t\t\t\t<div class=\"elementor-divider\">\n\t\t\t<span class=\"elementor-divider-separator\">\n\t\t\t\t\t\t<\/span>\n\t\t<\/div>\n\t\t\t\t\t\t<\/div>\n\t\t\t\t<\/div>\n\t\t\t\t\t<\/div>\n\t\t\t\t<\/div>\n\t\t<div class=\"elementor-element elementor-element-09c2f14 e-flex e-con-boxed e-con e-parent\" data-id=\"09c2f14\" data-element_type=\"container\">\n\t\t\t\t\t<div class=\"e-con-inner\">\n\t\t\t\t<div class=\"elementor-element elementor-element-687c229 elementor-widget elementor-widget-heading\" data-id=\"687c229\" data-element_type=\"widget\" data-widget_type=\"heading.default\">\n\t\t\t\t<div class=\"elementor-widget-container\">\n\t\t\t\t\t<h4 class=\"elementor-heading-title elementor-size-default\">4. Analyse Tools und Werbung<\/h4>\t\t\t\t<\/div>\n\t\t\t\t<\/div>\n\t\t\t\t<div class=\"elementor-element elementor-element-93b7b79 elementor-widget elementor-widget-text-editor\" data-id=\"93b7b79\" data-element_type=\"widget\" data-widget_type=\"text-editor.default\">\n\t\t\t\t<div class=\"elementor-widget-container\">\n\t\t\t\t\t\t\t\t\t<pre><strong>Google reCAPTCHA<\/strong><\/pre><p>We use \u201cGoogle reCAPTCHA\u201d (hereinafter \u201creCAPTCHA\u201d) on our websites. The provider is Google Inc., 1600 Amphitheatre Parkway, Mountain View, CA 94043, USA (\u201cGoogle\u201d).<\/p><p>reCAPTCHA is used to verify whether the data entry on our websites (e.g., in a contact form) is performed by a human or by an automated program. To do this, reCAPTCHA analyzes the behavior of the website visitor based on various characteristics. This analysis begins automatically as soon as the website visitor accesses the site.<br \/>enters the website. For the analysis, reCAPTCHA evaluates various information (e.g., IP address, the duration of the website visitor\u2019s stay on the site, or mouse movements made by the user). The data collected during the analysis is transmitted to Google.<\/p><p>The reCAPTCHA analyses run entirely in the background. Website visitors are not notified that an analysis is taking place.<\/p><p>The data processing is carried out on the basis of Art. 6 Para. 1 lit. f GDPR. The website operator has a legitimate interest in protecting its web offerings from abusive automated scanning and from spam.<\/p><p>For more information on Google reCAPTCHA and Google\u2019s privacy policy, please refer to the following links:\u00a0<a href=\"https:\/\/www.google.com\/intl\/de\/policies\/privacy\/\" target=\"_blank\" rel=\"noopener\">https:\/\/www.google.com\/intl\/de\/policies\/privacy\/<\/a>\u00a0und\u00a0<a href=\"https:\/\/www.google.com\/recaptcha\/intro\/android.html\" target=\"_blank\" rel=\"noopener\">https:\/\/www.google.com\/recaptcha\/intro\/android.html<\/a>.<\/p>\t\t\t\t\t\t\t\t<\/div>\n\t\t\t\t<\/div>\n\t\t\t\t<div class=\"elementor-element elementor-element-bba0c0d elementor-widget elementor-widget-heading\" data-id=\"bba0c0d\" data-element_type=\"widget\" data-widget_type=\"heading.default\">\n\t\t\t\t<div class=\"elementor-widget-container\">\n\t\t\t\t\t<h4 class=\"elementor-heading-title elementor-size-default\">5. Plugins und Tools<\/h4>\t\t\t\t<\/div>\n\t\t\t\t<\/div>\n\t\t\t\t<div class=\"elementor-element elementor-element-789c5b9 elementor-widget elementor-widget-text-editor\" data-id=\"789c5b9\" data-element_type=\"widget\" data-widget_type=\"text-editor.default\">\n\t\t\t\t<div class=\"elementor-widget-container\">\n\t\t\t\t\t\t\t\t\t<pre><strong>Google Maps<\/strong><\/pre><p>This site uses the Google Maps service via an API. The provider is Google Inc., 1600 Amphitheatre Parkway, Mountain View, CA 94043, USA.<\/p><p>To use the functions of Google Maps, it is necessary to store your IP address. This information is usually transmitted to a Google server in the USA and stored there. The provider of this site has no influence over this data transfer.<\/p><p>The use of Google Maps is in the interest of an appealing presentation of our online offerings and in making the locations we provide on the website easily findable. This constitutes a legitimate interest within the meaning of Art. 6 Para. 1 lit. f GDPR.<\/p><p>More information on how user data is handled can be found in Google\u2019s privacy policy:\u00a0<a href=\"https:\/\/www.google.de\/intl\/de\/policies\/privacy\/\" target=\"_blank\" rel=\"noopener\">https:\/\/www.google.de\/intl\/de\/policies\/privacy\/<\/a>.<\/p>\t\t\t\t\t\t\t\t<\/div>\n\t\t\t\t<\/div>\n\t\t\t\t<div class=\"elementor-element elementor-element-37a2b76 elementor-widget-divider--view-line elementor-widget elementor-widget-divider\" data-id=\"37a2b76\" data-element_type=\"widget\" data-widget_type=\"divider.default\">\n\t\t\t\t<div class=\"elementor-widget-container\">\n\t\t\t\t\t\t\t<div class=\"elementor-divider\">\n\t\t\t<span class=\"elementor-divider-separator\">\n\t\t\t\t\t\t<\/span>\n\t\t<\/div>\n\t\t\t\t\t\t<\/div>\n\t\t\t\t<\/div>\n\t\t\t\t\t<\/div>\n\t\t\t\t<\/div>\n\t\t<div class=\"elementor-element elementor-element-7ca53a4 e-flex e-con-boxed e-con e-parent\" data-id=\"7ca53a4\" data-element_type=\"container\">\n\t\t\t\t\t<div class=\"e-con-inner\">\n\t\t\t\t<div class=\"elementor-element elementor-element-d844991 elementor-widget elementor-widget-heading\" data-id=\"d844991\" data-element_type=\"widget\" data-widget_type=\"heading.default\">\n\t\t\t\t<div class=\"elementor-widget-container\">\n\t\t\t\t\t<h2 class=\"elementor-heading-title elementor-size-default\">Privacy Policy<\/h2>\t\t\t\t<\/div>\n\t\t\t\t<\/div>\n\t\t\t\t<div class=\"elementor-element elementor-element-4ea24b0 elementor-widget elementor-widget-heading\" data-id=\"4ea24b0\" data-element_type=\"widget\" data-widget_type=\"heading.default\">\n\t\t\t\t<div class=\"elementor-widget-container\">\n\t\t\t\t\t<h4 class=\"elementor-heading-title elementor-size-default\">1. An overview of data protection<\/h4>\t\t\t\t<\/div>\n\t\t\t\t<\/div>\n\t\t\t\t<div class=\"elementor-element elementor-element-9bcf327 elementor-widget elementor-widget-text-editor\" data-id=\"9bcf327\" data-element_type=\"widget\" data-widget_type=\"text-editor.default\">\n\t\t\t\t<div class=\"elementor-widget-container\">\n\t\t\t\t\t\t\t\t\t<pre><strong>General<\/strong><\/pre><p>The following gives a simple overview of what happens to your personal information when you visit our website. Personal information is any data with which you could be personally identified. Detailed information on the subject of data protection can be found in our privacy policy found below.<\/p>\t\t\t\t\t\t\t\t<\/div>\n\t\t\t\t<\/div>\n\t\t\t\t<div class=\"elementor-element elementor-element-9f8be73 elementor-widget-divider--view-line elementor-widget elementor-widget-divider\" data-id=\"9f8be73\" data-element_type=\"widget\" data-widget_type=\"divider.default\">\n\t\t\t\t<div class=\"elementor-widget-container\">\n\t\t\t\t\t\t\t<div class=\"elementor-divider\">\n\t\t\t<span class=\"elementor-divider-separator\">\n\t\t\t\t\t\t<\/span>\n\t\t<\/div>\n\t\t\t\t\t\t<\/div>\n\t\t\t\t<\/div>\n\t\t<div class=\"elementor-element elementor-element-32044be e-con-full e-flex e-con e-child\" data-id=\"32044be\" data-element_type=\"container\">\n\t\t\t\t<div class=\"elementor-element elementor-element-00c6eb7 elementor-widget elementor-widget-heading\" data-id=\"00c6eb7\" data-element_type=\"widget\" data-widget_type=\"heading.default\">\n\t\t\t\t<div class=\"elementor-widget-container\">\n\t\t\t\t\t<h4 class=\"elementor-heading-title elementor-size-default\">2. General information and mandatory information<\/h4>\t\t\t\t<\/div>\n\t\t\t\t<\/div>\n\t\t\t\t<div class=\"elementor-element elementor-element-ea8972b elementor-widget elementor-widget-text-editor\" data-id=\"ea8972b\" data-element_type=\"widget\" data-widget_type=\"text-editor.default\">\n\t\t\t\t<div class=\"elementor-widget-container\">\n\t\t\t\t\t\t\t\t\t<pre><strong>Data protection<\/strong><\/pre><p>The operators of this website take the protection of your personal data very seriously. We treat your personal data as confidential and in accordance with the statutory data protection regulations and this privacy policy.<\/p><p>If you use this website, various pieces of personal data will be collected. Personal information is any data with which you could be personally identified. This privacy policy explains what information we collect and what we use it for. It also explains how and for what purpose this happens.<\/p><p>Please note that data transmitted via the internet (e.g. via email communication) may be subject to security breaches. Complete protection of your data from third-party access is not possible.<br \/><br \/><\/p><pre><strong>SSL or TLS encryption<\/strong><\/pre><p>This site uses SSL or TLS encryption for security reasons and for the protection of the transmission of confidential content, such as the inquiries you send to us as the site operator. You can recognize an encrypted connection in your browser\u2019s address line when it changes from &#8222;http:\/\/&#8220; to &#8222;https:\/\/&#8220; and the lock icon is displayed in your browser\u2019s address<br \/>bar.<\/p><p>If SSL or TLS encryption is activated, the data you transfer to us cannot be read by third parties.<\/p>\t\t\t\t\t\t\t\t<\/div>\n\t\t\t\t<\/div>\n\t\t\t\t<div class=\"elementor-element elementor-element-f948b56 elementor-widget-divider--view-line elementor-widget elementor-widget-divider\" data-id=\"f948b56\" data-element_type=\"widget\" data-widget_type=\"divider.default\">\n\t\t\t\t<div class=\"elementor-widget-container\">\n\t\t\t\t\t\t\t<div class=\"elementor-divider\">\n\t\t\t<span class=\"elementor-divider-separator\">\n\t\t\t\t\t\t<\/span>\n\t\t<\/div>\n\t\t\t\t\t\t<\/div>\n\t\t\t\t<\/div>\n\t\t\t\t<\/div>\n\t\t\t\t\t<\/div>\n\t\t\t\t<\/div>\n\t\t<div class=\"elementor-element elementor-element-378cfc2 e-flex e-con-boxed e-con e-parent\" data-id=\"378cfc2\" data-element_type=\"container\">\n\t\t\t\t\t<div class=\"e-con-inner\">\n\t\t\t\t<div class=\"elementor-element elementor-element-6c3f166 elementor-widget elementor-widget-heading\" data-id=\"6c3f166\" data-element_type=\"widget\" data-widget_type=\"heading.default\">\n\t\t\t\t<div class=\"elementor-widget-container\">\n\t\t\t\t\t<h4 class=\"elementor-heading-title elementor-size-default\">3. Data collection on our website<\/h4>\t\t\t\t<\/div>\n\t\t\t\t<\/div>\n\t\t\t\t<div class=\"elementor-element elementor-element-45a33b3 elementor-widget elementor-widget-text-editor\" data-id=\"45a33b3\" data-element_type=\"widget\" data-widget_type=\"text-editor.default\">\n\t\t\t\t<div class=\"elementor-widget-container\">\n\t\t\t\t\t\t\t\t\t<pre><strong>Contact form<\/strong><\/pre><p>Should you send us questions via the contact form, we will collect the data entered on the form, including the contact details you provide, to answer your question and any follow-up questions. We do not share this information without your permission.<\/p><p>We will, therefore, process any data you enter onto the contact form only with your consent per Art. 6 (1)(a) DSGVO. You may revoke your consent at any time. An informal email making this request is sufficient. The data processed before we receive your request may still be legally processed.<\/p><p>We will retain the data you provide on the contact form until you request its deletion, revoke your consent for its storage, or the purpose for its storage no longer pertains (e.g. after fulfilling your request). Any mandatory statutory provisions, especially those regarding mandatory data retention periods, remain unaffected<\/p>\t\t\t\t\t\t\t\t<\/div>\n\t\t\t\t<\/div>\n\t\t\t\t<div class=\"elementor-element elementor-element-7d80e26 elementor-widget-divider--view-line elementor-widget elementor-widget-divider\" data-id=\"7d80e26\" data-element_type=\"widget\" data-widget_type=\"divider.default\">\n\t\t\t\t<div class=\"elementor-widget-container\">\n\t\t\t\t\t\t\t<div class=\"elementor-divider\">\n\t\t\t<span class=\"elementor-divider-separator\">\n\t\t\t\t\t\t<\/span>\n\t\t<\/div>\n\t\t\t\t\t\t<\/div>\n\t\t\t\t<\/div>\n\t\t\t\t\t<\/div>\n\t\t\t\t<\/div>\n\t\t<div class=\"elementor-element elementor-element-f0715b6 e-flex e-con-boxed e-con e-parent\" data-id=\"f0715b6\" data-element_type=\"container\">\n\t\t\t\t\t<div class=\"e-con-inner\">\n\t\t\t\t<div class=\"elementor-element elementor-element-4374d91 elementor-widget elementor-widget-heading\" data-id=\"4374d91\" data-element_type=\"widget\" data-widget_type=\"heading.default\">\n\t\t\t\t<div class=\"elementor-widget-container\">\n\t\t\t\t\t<h4 class=\"elementor-heading-title elementor-size-default\">4. Analytics and advertising<\/h4>\t\t\t\t<\/div>\n\t\t\t\t<\/div>\n\t\t\t\t<div class=\"elementor-element elementor-element-f1d0868 elementor-widget elementor-widget-text-editor\" data-id=\"f1d0868\" data-element_type=\"widget\" data-widget_type=\"text-editor.default\">\n\t\t\t\t<div class=\"elementor-widget-container\">\n\t\t\t\t\t\t\t\t\t<pre><strong>Google reCAPTCHA<\/strong><\/pre><p>We use &#8222;Google reCAPTCHA&#8220; (hereinafter &#8222;reCAPTCHA&#8220;) on our websites. This service is provided by Google Inc., 1600 Amphitheater Parkway, Mountain View, CA 94043, USA (&#8222;Google&#8220;).<\/p><p>reCAPTCHA is used to check whether the data entered on our website (such as on a contact form) has been entered by a human or by an automated program. To do this, reCAPTCHA analyzes the behavior of the website visitor based on various characteristics. This analysis starts automatically as soon as the website visitor enters the website. For the analysis, reCAPTCHA evaluates various information (e.g. IP address, how long the visitor has been on the website, or mouse movements made by the user). The data collected during the analysis will be forwarded to Google.<\/p><p>The reCAPTCHA analyses take place completely in the background. Website visitors are not advised that such an analysis is taking place.<\/p><p>Data processing is based on Art. 6 (1) (f) DSGVO. The website operator has a legitimate interest in protecting its site from abusive automated crawling and spam.<\/p><p>For more information about Google reCAPTCHA and Google\u2019s privacy policy, please visit the following links:\u00a0<a href=\"https:\/\/www.google.com\/intl\/de\/policies\/privacy\/\" target=\"_blank\" rel=\"noopener\">https:\/\/www.google.com\/intl\/de\/policies\/privacy\/<\/a>\u00a0and\u00a0<a href=\"https:\/\/www.google.com\/recaptcha\/intro\/android.html\" target=\"_blank\" rel=\"noopener\">https:\/\/www.google.com\/recaptcha\/intro\/android.html<\/a>.<\/p>\t\t\t\t\t\t\t\t<\/div>\n\t\t\t\t<\/div>\n\t\t\t\t<div class=\"elementor-element elementor-element-dc95dcd elementor-widget-divider--view-line elementor-widget elementor-widget-divider\" data-id=\"dc95dcd\" data-element_type=\"widget\" data-widget_type=\"divider.default\">\n\t\t\t\t<div class=\"elementor-widget-container\">\n\t\t\t\t\t\t\t<div class=\"elementor-divider\">\n\t\t\t<span class=\"elementor-divider-separator\">\n\t\t\t\t\t\t<\/span>\n\t\t<\/div>\n\t\t\t\t\t\t<\/div>\n\t\t\t\t<\/div>\n\t\t\t\t\t<\/div>\n\t\t\t\t<\/div>\n\t\t<div class=\"elementor-element elementor-element-ebee2d3 e-flex e-con-boxed e-con e-parent\" data-id=\"ebee2d3\" data-element_type=\"container\">\n\t\t\t\t\t<div class=\"e-con-inner\">\n\t\t\t\t<div class=\"elementor-element elementor-element-97d21ba elementor-widget elementor-widget-heading\" data-id=\"97d21ba\" data-element_type=\"widget\" data-widget_type=\"heading.default\">\n\t\t\t\t<div class=\"elementor-widget-container\">\n\t\t\t\t\t<h4 class=\"elementor-heading-title elementor-size-default\">5. Plugins and tools<\/h4>\t\t\t\t<\/div>\n\t\t\t\t<\/div>\n\t\t\t\t<div class=\"elementor-element elementor-element-56257c5 elementor-widget elementor-widget-text-editor\" data-id=\"56257c5\" data-element_type=\"widget\" data-widget_type=\"text-editor.default\">\n\t\t\t\t<div class=\"elementor-widget-container\">\n\t\t\t\t\t\t\t\t\t<pre><strong>Google Maps<\/strong><\/pre><p>This site uses the Google Maps map service via an API. It is operated by Google Inc., 1600 Amphitheatre Parkway, Mountain View, CA 94043, USA.<\/p><p>To use Google Maps, it is necessary to save your IP address. This information is generally transmitted to a Google server in the USA and stored there. The provider of this site has no influence on this data transfer.<\/p><p>The use of Google Maps is in the interest of making our website appealing and to facilitate the location of places specified by us on the website. This constitutes a justified interest pursuant to Art. 6 (1) (f) DSGVO.<\/p><p>Further information about handling user data, can be found in the data protection declaration of Google at\u00a0<a href=\"https:\/\/www.google.de\/intl\/de\/policies\/privacy\/\" target=\"_blank\" rel=\"noopener\">https:\/\/www.google.de\/intl\/de\/policies\/privacy\/<\/a>.<\/p>\t\t\t\t\t\t\t\t<\/div>\n\t\t\t\t<\/div>\n\t\t\t\t<div class=\"elementor-element elementor-element-91cc0ca elementor-widget-divider--view-line elementor-widget elementor-widget-divider\" data-id=\"91cc0ca\" data-element_type=\"widget\" data-widget_type=\"divider.default\">\n\t\t\t\t<div class=\"elementor-widget-container\">\n\t\t\t\t\t\t\t<div class=\"elementor-divider\">\n\t\t\t<span class=\"elementor-divider-separator\">\n\t\t\t\t\t\t<\/span>\n\t\t<\/div>\n\t\t\t\t\t\t<\/div>\n\t\t\t\t<\/div>\n\t\t\t\t\t<\/div>\n\t\t\t\t<\/div>\n\t\t\t\t<\/div>","protected":false},"excerpt":{"rendered":"<p>Datenschutzerkl\u00e4rung 1. Datenschutz auf einen Blick Allgemeine Hinweise Die folgenden Hinweise geben einen einfachen \u00dcberblick dar\u00fcber, was mit Ihren personenbezogenen Daten passiert, wenn Sie unsere Website besuchen. Personenbezogene Daten sind alle Daten, mit denen Sie pers\u00f6nlich identifiziert werden k\u00f6nnen. Ausf\u00fchrliche Informationen zum Thema Datenschutz entnehmen Sie unserer unter diesem Text aufgef\u00fchrten Datenschutzerkl\u00e4rung. 2. Allgemeine Hinweise&#8230;<\/p>","protected":false},"author":1,"featured_media":0,"parent":23,"menu_order":0,"comment_status":"closed","ping_status":"closed","template":"","meta":{"footnotes":""},"class_list":["post-9515","page","type-page","status-publish","hentry"],"_links":{"self":[{"href":"https:\/\/physiovital-landstuhl.de\/en\/wp-json\/wp\/v2\/pages\/9515","targetHints":{"allow":["GET"]}}],"collection":[{"href":"https:\/\/physiovital-landstuhl.de\/en\/wp-json\/wp\/v2\/pages"}],"about":[{"href":"https:\/\/physiovital-landstuhl.de\/en\/wp-json\/wp\/v2\/types\/page"}],"author":[{"embeddable":true,"href":"https:\/\/physiovital-landstuhl.de\/en\/wp-json\/wp\/v2\/users\/1"}],"replies":[{"embeddable":true,"href":"https:\/\/physiovital-landstuhl.de\/en\/wp-json\/wp\/v2\/comments?post=9515"}],"version-history":[{"count":4,"href":"https:\/\/physiovital-landstuhl.de\/en\/wp-json\/wp\/v2\/pages\/9515\/revisions"}],"predecessor-version":[{"id":9520,"href":"https:\/\/physiovital-landstuhl.de\/en\/wp-json\/wp\/v2\/pages\/9515\/revisions\/9520"}],"up":[{"embeddable":true,"href":"https:\/\/physiovital-landstuhl.de\/en\/wp-json\/wp\/v2\/pages\/23"}],"wp:attachment":[{"href":"https:\/\/physiovital-landstuhl.de\/en\/wp-json\/wp\/v2\/media?parent=9515"}],"curies":[{"name":"wp","href":"https:\/\/api.w.org\/{rel}","templated":true}]}}